{"id":901,"date":"2022-10-07T15:10:05","date_gmt":"2022-10-07T18:10:05","guid":{"rendered":"https:\/\/ipifiladelfia.com.br\/site\/?page_id=901"},"modified":"2022-10-26T15:50:52","modified_gmt":"2022-10-26T18:50:52","slug":"historia","status":"publish","type":"page","link":"https:\/\/ipifiladelfia.com.br\/site\/historia\/","title":{"rendered":"Hist\u00f3ria"},"content":{"rendered":"\t\t<div data-elementor-type=\"wp-page\" data-elementor-id=\"901\" class=\"elementor elementor-901\">\n\t\t\t\t\t\t<section class=\"elementor-section elementor-top-section elementor-element elementor-element-df1512c elementor-section-boxed elementor-section-height-default elementor-section-height-default wpr-particle-no wpr-jarallax-no wpr-parallax-no wpr-sticky-section-no\" data-id=\"df1512c\" data-element_type=\"section\">\n\t\t\t\t\t\t<div class=\"elementor-container elementor-column-gap-default\">\n\t\t\t\t\t<div class=\"elementor-column elementor-col-100 elementor-top-column elementor-element elementor-element-3dccdd0\" data-id=\"3dccdd0\" data-element_type=\"column\">\n\t\t\t<div class=\"elementor-widget-wrap elementor-element-populated\">\n\t\t\t\t\t\t<div class=\"elementor-element elementor-element-b3586aa elementor-widget elementor-widget-heading\" data-id=\"b3586aa\" data-element_type=\"widget\" data-widget_type=\"heading.default\">\n\t\t\t\t<div class=\"elementor-widget-container\">\n\t\t\t\t\t<h2 class=\"elementor-heading-title elementor-size-default\">HIST\u00d3RIA<\/h2>\t\t\t\t<\/div>\n\t\t\t\t<\/div>\n\t\t\t\t\t<\/div>\n\t\t<\/div>\n\t\t\t\t\t<\/div>\n\t\t<\/section>\n\t\t\t\t<section class=\"elementor-section elementor-top-section elementor-element elementor-element-d86346c elementor-section-boxed elementor-section-height-default elementor-section-height-default wpr-particle-no wpr-jarallax-no wpr-parallax-no wpr-sticky-section-no\" data-id=\"d86346c\" data-element_type=\"section\">\n\t\t\t\t\t\t<div class=\"elementor-container elementor-column-gap-default\">\n\t\t\t\t\t<div class=\"elementor-column elementor-col-100 elementor-top-column elementor-element elementor-element-d9c0e76\" data-id=\"d9c0e76\" data-element_type=\"column\">\n\t\t\t<div class=\"elementor-widget-wrap elementor-element-populated\">\n\t\t\t\t\t\t<div class=\"elementor-element elementor-element-cc87290 elementor-invisible elementor-widget elementor-widget-timeline-widget-addon\" data-id=\"cc87290\" data-element_type=\"widget\" data-settings=\"{&quot;_animation&quot;:&quot;fadeInUp&quot;}\" data-widget_type=\"timeline-widget-addon.default\">\n\t\t\t\t<div class=\"elementor-widget-container\">\n\t\t\t\t\t<!-- ========= Timeline Widget Addon For Elementor 1.5.4 ========= -->\r\n<div id=\"twae-wrapper-cc87290\" class=\"twae-vertical twae-wrapper  twae-both-sided \">   \r\n    <div class=\"twae-start\"><\/div>    \r\n    <div id=\"twea-timeline-cc87290\" class=\"twae-timeline\" ><div id=\"story-099d86a\" class=\"twae-story twae-repeater-item twae-story-right twae-story-icon\">\r\n                <div class=\"twae-labels\" ><div class=\"twae-label-big\">1930<\/div><\/div><div class=\"twae-icon\"><i aria-hidden=\"true\" class=\"fas fa-circle\"><\/i><\/div><div class=\"twae-arrow\"><\/div><div class=\"twae-content\"><div class=\"twae-title\"><\/div><div class=\"twae-description\"><p style=\"text-align: left\">A HIST\u00d3RIA DA IPI FILAD\u00c9LFIA TEVE IN\u00cdCIO NOS ANOS 30 COM A VINDA DA FAM\u00cdLIA CASONI DE PIRAJU, INTERIOR DE S\u00c3O PAULO, PARA LONDRINA.<\/p><\/div>\r\n                <\/div>\r\n        <\/div><div id=\"story-adbe7ed\" class=\"twae-story twae-repeater-item twae-story-left twae-story-icon\">\r\n                <div class=\"twae-labels\" ><div class=\"twae-label-big\">1943<\/div><\/div><div class=\"twae-icon\"><i aria-hidden=\"true\" class=\"fas fa-circle\"><\/i><\/div><div class=\"twae-arrow\"><\/div><div class=\"twae-content\"><div class=\"twae-title\"><\/div><div class=\"twae-description\"><p style=\"text-align: right\">NO IN\u00cdCIO DOS ANOS 40, OFICIALMENTE, FOI ORGANIZADA A ESCOLA DOMINICAL DO BAIRRO, ONDE AS FAM\u00cdLIAS BRUDER E CASONI ESTAVAM \u00c0 FRENTE DAS PROGRAMA\u00c7\u00d5ES DA CONGREGA\u00c7\u00c3O.<\/p><\/div>\r\n                <\/div>\r\n        <\/div><div id=\"story-eb16869\" class=\"twae-story twae-repeater-item twae-story-right twae-story-icon\">\r\n                <div class=\"twae-labels\" ><div class=\"twae-label-big\">1948<\/div><\/div><div class=\"twae-icon\"><i aria-hidden=\"true\" class=\"fas fa-circle\"><\/i><\/div><div class=\"twae-arrow\"><\/div><div class=\"twae-content\"><div class=\"twae-title\"><\/div><div class=\"twae-description\"><p>ASSIM COMO O BAIRRO, A CIDADE DE LONDRINA ESTAVA EM ASCENS\u00c3O E AMBOS CRESCIAM AO MESMO TEMPO,<br \/>FOI QUANDO, EM 1948, O SENHOR JORGE CASONI DOOU O TERRENO PARA CONSTRU\u00c7\u00c3O DO PRIMEIRO TEMPLO DE MADEIRA.<\/p><\/div>\r\n                <\/div>\r\n        <\/div><div id=\"story-117738a\" class=\"twae-story twae-repeater-item twae-story-left twae-story-icon\">\r\n                <div class=\"twae-labels\" ><div class=\"twae-label-big\">1963<\/div><\/div><div class=\"twae-icon\"><i aria-hidden=\"true\" class=\"fas fa-circle\"><\/i><\/div><div class=\"twae-arrow\"><\/div><div class=\"twae-content\"><div class=\"twae-title\"><\/div><div class=\"twae-media  large\"><img fetchpriority=\"high\" decoding=\"async\" width=\"419\" height=\"224\" src=\"https:\/\/ipifiladelfia.com.br\/site\/wp-content\/uploads\/1963.png\" class=\"attachment-large size-large\" alt=\"\" srcset=\"https:\/\/ipifiladelfia.com.br\/site\/wp-content\/uploads\/1963.png 419w, https:\/\/ipifiladelfia.com.br\/site\/wp-content\/uploads\/1963-300x160.png 300w\" sizes=\"(max-width: 419px) 100vw, 419px\" \/><\/div><div class=\"twae-description\"><p style=\"text-align: right\">A IGREJA PASSOU ENT\u00c3O A SER DIRIGIDA PELOS IRM\u00c3OS DA PRIMEIRA IGREJA PRESBITERIANA INDEPENDENTE, A PEDIDO DO CONSELHO, E EM 1963 J\u00c1 CONTABILIZAVAM UMA GRANDE QUANTIDADE DE ALUNOS MATRICULADOS NA ESCOLA DOMINICAL E QUE FREQUENTAVAM OS CULTOS.<\/p><p style=\"text-align: right\">A CONGREGA\u00c7\u00c3O IA CRESCENDO E SE ORGANIZANDO POR MEIO DA SOCIEDADE DE SENHORAS, DA UMPI, DOS DI\u00c1CONOS E DIACONISAS, E DE TODOS OS IRM\u00c3OS QUE DAVAM AULA OU AJUDAVAM DE ALGUMA FORMA NA ESCOLA DOMINICAL, CONTABILIZANDO, ENT\u00c3O, 205 ALUNOS MATRICULADOS.<\/p><p style=\"text-align: right\">O PRIMEIRO CONSELHO DA IGREJA ERA FORMADO PELOS PRESB\u00cdTEROS DOMINGOS CASONI, PAULO HIP\u00d3LITO MONTEIRO E JO\u00c3O NATIVIDADE RAMOS DA SILVA, JUNTAMENTE COM REVERENDO JO\u00c3O BATISTA RIBEIRO NETO.<\/p><\/div>\r\n                <\/div>\r\n        <\/div><div id=\"story-a9ce7eb\" class=\"twae-story twae-repeater-item twae-story-right twae-story-icon\">\r\n                <div class=\"twae-labels\" ><div class=\"twae-label-big\">1965<\/div><div class=\"twae-label-small\">23 de abril<\/div><\/div><div class=\"twae-icon\"><i aria-hidden=\"true\" class=\"fas fa-circle\"><\/i><\/div><div class=\"twae-arrow\"><\/div><div class=\"twae-content\"><div class=\"twae-title\"><\/div><div class=\"twae-media  large\"><img decoding=\"async\" width=\"414\" height=\"500\" src=\"https:\/\/ipifiladelfia.com.br\/site\/wp-content\/uploads\/1987.png\" class=\"attachment-large size-large\" alt=\"\" srcset=\"https:\/\/ipifiladelfia.com.br\/site\/wp-content\/uploads\/1987.png 414w, https:\/\/ipifiladelfia.com.br\/site\/wp-content\/uploads\/1987-248x300.png 248w\" sizes=\"(max-width: 414px) 100vw, 414px\" \/><\/div><div class=\"twae-description\"><p>A CONGREGA\u00c7\u00c3O SE FORMOU, PASSANDO A SER A SEGUNDA IGREJA PRESBITERIANA INDEPENDENTE DE LONDRINA. NESSA DATA ACONTECEU O CULTO DE INAUGURA\u00c7\u00c3O DO TEMPLO, PRESIDIDO PELO REVERENDO JONAS DIAS MARTINS QUE TROUXE O TEXTO DE MARCOS 16: 19-20 ENFATIZANDO QUE O DNA DA IGREJA ERA, DE FATO, A EVANGELIZA\u00c7\u00c3O.<\/p><\/div>\r\n                <\/div>\r\n        <\/div><\/div>\r\n    <div class=\"twae-end\"><\/div>\r\n    <\/div><style type=\"text\/css\"><\/style>\t\t\t\t<\/div>\n\t\t\t\t<\/div>\n\t\t\t\t<div class=\"elementor-element elementor-element-5d6c492 elementor-widget elementor-widget-heading\" data-id=\"5d6c492\" data-element_type=\"widget\" data-widget_type=\"heading.default\">\n\t\t\t\t<div class=\"elementor-widget-container\">\n\t\t\t\t\t<h2 class=\"elementor-heading-title elementor-size-default\">FA\u00c7A PARTE<br>DESTA HIST\u00d3RIA!<\/h2>\t\t\t\t<\/div>\n\t\t\t\t<\/div>\n\t\t\t\t<div class=\"elementor-element elementor-element-9f4f453 elementor-widget elementor-widget-text-editor\" data-id=\"9f4f453\" data-element_type=\"widget\" data-widget_type=\"text-editor.default\">\n\t\t\t\t<div class=\"elementor-widget-container\">\n\t\t\t\t\t\t\t\t\t<p>A IPI Filad\u00e9lfia \u00e9 uma igreja afiliada \u00e0 Igreja Presbiteriana Independente do Brasil, uma federa\u00e7\u00e3o de igrejas locais espalhadas pelo Brasil, com o objetivo de levar a todos os brasileiros o amor e a salva\u00e7\u00e3o que existem em Jesus Cristo.<\/p><p><br \/>As suas ra\u00edzes se encontram na Reforma Protestante do S\u00e9culo XVI, sendo uma igreja que valoriza a sua hist\u00f3ria, sem deixar de olhar para o presente, a fim de oferecer respostas \u00e0s d\u00favidas de uma sociedade em constante mudan\u00e7a.<\/p><p><br \/>As nossas igrejas locais s\u00e3o comunidades com caracter\u00edsticas que valorizam e respeitam as diferen\u00e7as regionais e culturais onde est\u00e3o inseridas, e est\u00e3o abertas para receber a todas as pessoas que necessitam do amor de Deus e da salva\u00e7\u00e3o em Jesus Cristo.<\/p>\t\t\t\t\t\t\t\t<\/div>\n\t\t\t\t<\/div>\n\t\t\t\t\t<\/div>\n\t\t<\/div>\n\t\t\t\t\t<\/div>\n\t\t<\/section>\n\t\t\t\t<\/div>\n\t\t","protected":false},"excerpt":{"rendered":"<p>HIST\u00d3RIA 1930 A HIST\u00d3RIA DA IPI FILAD\u00c9LFIA TEVE IN\u00cdCIO NOS ANOS 30 COM A VINDA DA FAM\u00cdLIA CASONI DE PIRAJU, INTERIOR DE S\u00c3O PAULO, PARA LONDRINA. 1943 NO IN\u00cdCIO DOS ANOS 40, OFICIALMENTE, FOI ORGANIZADA A ESCOLA DOMINICAL DO BAIRRO, ONDE AS FAM\u00cdLIAS BRUDER E CASONI ESTAVAM \u00c0 FRENTE DAS PROGRAMA\u00c7\u00d5ES DA CONGREGA\u00c7\u00c3O. 1948 ASSIM COMO O BAIRRO, A CIDADE DE LONDRINA ESTAVA EM ASCENS\u00c3O E AMBOS CRESCIAM AO MESMO TEMPO,FOI QUANDO, EM 1948, O SENHOR JORGE CASONI DOOU O TERRENO PARA CONSTRU\u00c7\u00c3O DO PRIMEIRO TEMPLO DE MADEIRA. 1963 A IGREJA PASSOU ENT\u00c3O A SER DIRIGIDA PELOS IRM\u00c3OS DA PRIMEIRA IGREJA PRESBITERIANA INDEPENDENTE, A PEDIDO DO CONSELHO, E EM 1963 J\u00c1 CONTABILIZAVAM UMA GRANDE QUANTIDADE DE ALUNOS MATRICULADOS NA ESCOLA DOMINICAL E QUE FREQUENTAVAM OS CULTOS. A CONGREGA\u00c7\u00c3O IA CRESCENDO E SE ORGANIZANDO POR MEIO DA SOCIEDADE DE SENHORAS, DA UMPI, DOS DI\u00c1CONOS E DIACONISAS, E DE TODOS OS IRM\u00c3OS QUE DAVAM AULA OU AJUDAVAM DE ALGUMA FORMA NA ESCOLA DOMINICAL, CONTABILIZANDO, ENT\u00c3O, 205 ALUNOS MATRICULADOS. O PRIMEIRO CONSELHO DA IGREJA ERA FORMADO PELOS PRESB\u00cdTEROS DOMINGOS CASONI, PAULO HIP\u00d3LITO MONTEIRO E JO\u00c3O NATIVIDADE RAMOS DA SILVA, JUNTAMENTE COM REVERENDO JO\u00c3O BATISTA RIBEIRO NETO. 196523 de abril A CONGREGA\u00c7\u00c3O SE FORMOU, PASSANDO A SER A SEGUNDA IGREJA PRESBITERIANA INDEPENDENTE DE LONDRINA. NESSA DATA ACONTECEU O CULTO DE INAUGURA\u00c7\u00c3O DO TEMPLO, PRESIDIDO PELO REVERENDO JONAS DIAS MARTINS QUE TROUXE O TEXTO DE MARCOS 16: 19-20 ENFATIZANDO QUE O DNA DA IGREJA ERA, DE FATO, A EVANGELIZA\u00c7\u00c3O. FA\u00c7A PARTEDESTA HIST\u00d3RIA! A IPI Filad\u00e9lfia \u00e9 uma igreja afiliada \u00e0 Igreja Presbiteriana Independente do Brasil, uma federa\u00e7\u00e3o de igrejas locais espalhadas pelo Brasil, com o objetivo de levar a todos os brasileiros o amor e a salva\u00e7\u00e3o que existem em Jesus Cristo. As suas ra\u00edzes se encontram na Reforma Protestante do S\u00e9culo XVI, sendo uma igreja que valoriza a sua hist\u00f3ria, sem deixar de olhar para o presente, a fim de oferecer respostas \u00e0s d\u00favidas de uma sociedade em constante mudan\u00e7a. As nossas igrejas locais s\u00e3o comunidades com caracter\u00edsticas que valorizam e respeitam as diferen\u00e7as regionais e culturais onde est\u00e3o inseridas, e est\u00e3o abertas para receber a todas as pessoas que necessitam do amor de Deus e da salva\u00e7\u00e3o em Jesus Cristo.<\/p>\n","protected":false},"author":1,"featured_media":0,"parent":0,"menu_order":0,"comment_status":"closed","ping_status":"closed","template":"","meta":{"site-sidebar-layout":"no-sidebar","site-content-layout":"page-builder","ast-global-header-display":"","ast-main-header-display":"","ast-hfb-above-header-display":"","ast-hfb-below-header-display":"","ast-hfb-mobile-header-display":"","site-post-title":"disabled","ast-breadcrumbs-content":"","ast-featured-img":"disabled","footer-sml-layout":"","theme-transparent-header-meta":"","adv-header-id-meta":"","stick-header-meta":"","header-above-stick-meta":"","header-main-stick-meta":"","header-below-stick-meta":"","footnotes":""},"class_list":["post-901","page","type-page","status-publish","hentry"],"_links":{"self":[{"href":"https:\/\/ipifiladelfia.com.br\/site\/wp-json\/wp\/v2\/pages\/901","targetHints":{"allow":["GET"]}}],"collection":[{"href":"https:\/\/ipifiladelfia.com.br\/site\/wp-json\/wp\/v2\/pages"}],"about":[{"href":"https:\/\/ipifiladelfia.com.br\/site\/wp-json\/wp\/v2\/types\/page"}],"author":[{"embeddable":true,"href":"https:\/\/ipifiladelfia.com.br\/site\/wp-json\/wp\/v2\/users\/1"}],"replies":[{"embeddable":true,"href":"https:\/\/ipifiladelfia.com.br\/site\/wp-json\/wp\/v2\/comments?post=901"}],"version-history":[{"count":37,"href":"https:\/\/ipifiladelfia.com.br\/site\/wp-json\/wp\/v2\/pages\/901\/revisions"}],"predecessor-version":[{"id":1465,"href":"https:\/\/ipifiladelfia.com.br\/site\/wp-json\/wp\/v2\/pages\/901\/revisions\/1465"}],"wp:attachment":[{"href":"https:\/\/ipifiladelfia.com.br\/site\/wp-json\/wp\/v2\/media?parent=901"}],"curies":[{"name":"wp","href":"https:\/\/api.w.org\/{rel}","templated":true}]}}