{"id":905,"date":"2022-10-07T15:10:25","date_gmt":"2022-10-07T18:10:25","guid":{"rendered":"https:\/\/ipifiladelfia.com.br\/site\/?page_id=905"},"modified":"2025-01-06T17:43:31","modified_gmt":"2025-01-06T20:43:31","slug":"corpo-pastoral","status":"publish","type":"page","link":"https:\/\/ipifiladelfia.com.br\/site\/corpo-pastoral\/","title":{"rendered":"Corpo Pastoral"},"content":{"rendered":"\t\t<div data-elementor-type=\"wp-page\" data-elementor-id=\"905\" class=\"elementor elementor-905\">\n\t\t\t\t\t\t<section class=\"elementor-section elementor-top-section elementor-element elementor-element-47b6b93 elementor-section-boxed elementor-section-height-default elementor-section-height-default wpr-particle-no wpr-jarallax-no wpr-parallax-no wpr-sticky-section-no\" data-id=\"47b6b93\" data-element_type=\"section\">\n\t\t\t\t\t\t<div class=\"elementor-container elementor-column-gap-default\">\n\t\t\t\t\t<div class=\"elementor-column elementor-col-100 elementor-top-column elementor-element elementor-element-d56625f\" data-id=\"d56625f\" data-element_type=\"column\">\n\t\t\t<div class=\"elementor-widget-wrap elementor-element-populated\">\n\t\t\t\t\t\t<div class=\"elementor-element elementor-element-4695efa elementor-widget elementor-widget-heading\" data-id=\"4695efa\" data-element_type=\"widget\" data-widget_type=\"heading.default\">\n\t\t\t\t<div class=\"elementor-widget-container\">\n\t\t\t\t\t<h2 class=\"elementor-heading-title elementor-size-default\">CORPO<br><strong>PASTORAL<\/strong><\/h2>\t\t\t\t<\/div>\n\t\t\t\t<\/div>\n\t\t\t\t\t<\/div>\n\t\t<\/div>\n\t\t\t\t\t<\/div>\n\t\t<\/section>\n\t\t\t\t<section class=\"elementor-section elementor-top-section elementor-element elementor-element-85bfba2 elementor-section-boxed elementor-section-height-default elementor-section-height-default wpr-particle-no wpr-jarallax-no wpr-parallax-no wpr-sticky-section-no\" data-id=\"85bfba2\" data-element_type=\"section\">\n\t\t\t\t\t\t<div class=\"elementor-container elementor-column-gap-default\">\n\t\t\t\t\t<div class=\"elementor-column elementor-col-33 elementor-top-column elementor-element elementor-element-a31eccc\" data-id=\"a31eccc\" data-element_type=\"column\">\n\t\t\t<div class=\"elementor-widget-wrap\">\n\t\t\t\t\t\t\t<\/div>\n\t\t<\/div>\n\t\t\t\t<div class=\"elementor-column elementor-col-66 elementor-top-column elementor-element elementor-element-1c6c282\" data-id=\"1c6c282\" data-element_type=\"column\">\n\t\t\t<div class=\"elementor-widget-wrap elementor-element-populated\">\n\t\t\t\t\t\t<section class=\"elementor-section elementor-inner-section elementor-element elementor-element-466679a hover-ty elementor-section-boxed elementor-section-height-default elementor-section-height-default wpr-particle-no wpr-jarallax-no wpr-parallax-no wpr-sticky-section-no\" data-id=\"466679a\" data-element_type=\"section\">\n\t\t\t\t\t\t<div class=\"elementor-container elementor-column-gap-default\">\n\t\t\t\t\t<div class=\"elementor-column elementor-col-33 elementor-inner-column elementor-element elementor-element-74ad6c5 elementor-invisible\" data-id=\"74ad6c5\" data-element_type=\"column\" data-settings=\"{&quot;animation&quot;:&quot;fadeInRight&quot;,&quot;animation_delay&quot;:200}\">\n\t\t\t<div class=\"elementor-widget-wrap elementor-element-populated\">\n\t\t\t\t\t\t<div class=\"elementor-element elementor-element-2867f83 elementor-widget__width-initial elementor-absolute elementor-widget elementor-widget-image\" data-id=\"2867f83\" data-element_type=\"widget\" data-settings=\"{&quot;_position&quot;:&quot;absolute&quot;}\" data-widget_type=\"image.default\">\n\t\t\t\t<div class=\"elementor-widget-container\">\n\t\t\t\t\t\t\t\t\t\t\t\t\t\t\t<img fetchpriority=\"high\" decoding=\"async\" width=\"371\" height=\"369\" src=\"https:\/\/ipifiladelfia.com.br\/site\/wp-content\/uploads\/pr.ricardo.png\" class=\"attachment-large size-large wp-image-1038\" alt=\"\" srcset=\"https:\/\/ipifiladelfia.com.br\/site\/wp-content\/uploads\/pr.ricardo.png 371w, https:\/\/ipifiladelfia.com.br\/site\/wp-content\/uploads\/pr.ricardo-300x298.png 300w, https:\/\/ipifiladelfia.com.br\/site\/wp-content\/uploads\/pr.ricardo-75x75.png 75w\" sizes=\"(max-width: 371px) 100vw, 371px\" \/>\t\t\t\t\t\t\t\t\t\t\t\t\t\t\t<\/div>\n\t\t\t\t<\/div>\n\t\t\t\t\t<\/div>\n\t\t<\/div>\n\t\t\t\t<div class=\"elementor-column elementor-col-66 elementor-inner-column elementor-element elementor-element-0aa9e0a\" data-id=\"0aa9e0a\" data-element_type=\"column\">\n\t\t\t<div class=\"elementor-widget-wrap elementor-element-populated\">\n\t\t\t\t\t\t<div class=\"elementor-element elementor-element-5f93a4f elementor-widget elementor-widget-heading\" data-id=\"5f93a4f\" data-element_type=\"widget\" data-widget_type=\"heading.default\">\n\t\t\t\t<div class=\"elementor-widget-container\">\n\t\t\t\t\t<h4 class=\"elementor-heading-title elementor-size-default\">PASTOR TITULAR<\/h4>\t\t\t\t<\/div>\n\t\t\t\t<\/div>\n\t\t\t\t<div class=\"elementor-element elementor-element-37845ac elementor-widget elementor-widget-heading\" data-id=\"37845ac\" data-element_type=\"widget\" data-widget_type=\"heading.default\">\n\t\t\t\t<div class=\"elementor-widget-container\">\n\t\t\t\t\t<h3 class=\"elementor-heading-title elementor-size-default\">RICARDO BRUDER<\/h3>\t\t\t\t<\/div>\n\t\t\t\t<\/div>\n\t\t\t\t<div class=\"elementor-element elementor-element-6f6ad60 elementor-widget elementor-widget-text-editor\" data-id=\"6f6ad60\" data-element_type=\"widget\" data-widget_type=\"text-editor.default\">\n\t\t\t\t<div class=\"elementor-widget-container\">\n\t\t\t\t\t\t\t\t\t<p>Ricardo Bomfim Bruder \u00e9 bacharel em Teologia pelo Semin\u00e1rio Teol\u00f3gico Rev. Ant\u00f4nio de Godoy Sobrinho, Londrina, PR. Graduado em Teologia pela Unicesumar, Maring\u00e1, PR. Atua na \u00e1rea pastoral h\u00e1 22 anos, com \u00eanfase na Prega\u00e7\u00e3o, ensino, atendimento familiar e no treinamento e capacita\u00e7\u00e3o de lideres para grupos de evangelismo, discipulado, c\u00e9lulas, \u00a0implanta\u00e7\u00e3o e revitaliza\u00e7\u00e3o de igrejas. Habilitado em Gest\u00e3o Educacional. Graduado em lideran\u00e7a Avan\u00e7ada pelo Instituto Haggai com aperfei\u00e7oamento no ensino andrag\u00f3gico. Atuou como Diretor de treinamentos em cursos de lideran\u00e7a . M\u00fasico e compositor, com dois CD\u2019s gravados. Casado com a educadora Am\u00e1bile t\u00eam tr\u00eas filhos: Mateus, Arthur e Vit\u00f3ria.<\/p>\t\t\t\t\t\t\t\t<\/div>\n\t\t\t\t<\/div>\n\t\t\t\t\t<\/div>\n\t\t<\/div>\n\t\t\t\t\t<\/div>\n\t\t<\/section>\n\t\t\t\t\t<\/div>\n\t\t<\/div>\n\t\t\t\t\t<\/div>\n\t\t<\/section>\n\t\t\t\t<section class=\"elementor-section elementor-top-section elementor-element elementor-element-2a5bfdb elementor-section-boxed elementor-section-height-default elementor-section-height-default wpr-particle-no wpr-jarallax-no wpr-parallax-no wpr-sticky-section-no\" data-id=\"2a5bfdb\" data-element_type=\"section\">\n\t\t\t\t\t\t<div class=\"elementor-container elementor-column-gap-default\">\n\t\t\t\t\t<div class=\"elementor-column elementor-col-33 elementor-top-column elementor-element elementor-element-7b18fb9\" data-id=\"7b18fb9\" data-element_type=\"column\">\n\t\t\t<div class=\"elementor-widget-wrap\">\n\t\t\t\t\t\t\t<\/div>\n\t\t<\/div>\n\t\t\t\t<div class=\"elementor-column elementor-col-66 elementor-top-column elementor-element elementor-element-c44fdb2\" data-id=\"c44fdb2\" data-element_type=\"column\">\n\t\t\t<div class=\"elementor-widget-wrap elementor-element-populated\">\n\t\t\t\t\t\t<section class=\"elementor-section elementor-inner-section elementor-element elementor-element-43611df hover-ty elementor-section-boxed elementor-section-height-default elementor-section-height-default wpr-particle-no wpr-jarallax-no wpr-parallax-no wpr-sticky-section-no\" data-id=\"43611df\" data-element_type=\"section\">\n\t\t\t\t\t\t<div class=\"elementor-container elementor-column-gap-default\">\n\t\t\t\t\t<div class=\"elementor-column elementor-col-33 elementor-inner-column elementor-element elementor-element-0e98fec elementor-invisible\" data-id=\"0e98fec\" data-element_type=\"column\" data-settings=\"{&quot;animation&quot;:&quot;fadeInRight&quot;,&quot;animation_delay&quot;:200}\">\n\t\t\t<div class=\"elementor-widget-wrap elementor-element-populated\">\n\t\t\t\t\t\t<div class=\"elementor-element elementor-element-7df6e16 elementor-widget__width-initial elementor-absolute elementor-widget elementor-widget-image\" data-id=\"7df6e16\" data-element_type=\"widget\" data-settings=\"{&quot;_position&quot;:&quot;absolute&quot;}\" data-widget_type=\"image.default\">\n\t\t\t\t<div class=\"elementor-widget-container\">\n\t\t\t\t\t\t\t\t\t\t\t\t\t\t\t<img decoding=\"async\" width=\"371\" height=\"372\" src=\"https:\/\/ipifiladelfia.com.br\/site\/wp-content\/uploads\/pr.silas_.png\" class=\"attachment-large size-large wp-image-1039\" alt=\"\" srcset=\"https:\/\/ipifiladelfia.com.br\/site\/wp-content\/uploads\/pr.silas_.png 371w, https:\/\/ipifiladelfia.com.br\/site\/wp-content\/uploads\/pr.silas_-300x300.png 300w, https:\/\/ipifiladelfia.com.br\/site\/wp-content\/uploads\/pr.silas_-75x75.png 75w\" sizes=\"(max-width: 371px) 100vw, 371px\" \/>\t\t\t\t\t\t\t\t\t\t\t\t\t\t\t<\/div>\n\t\t\t\t<\/div>\n\t\t\t\t\t<\/div>\n\t\t<\/div>\n\t\t\t\t<div class=\"elementor-column elementor-col-66 elementor-inner-column elementor-element elementor-element-b0dbe98\" data-id=\"b0dbe98\" data-element_type=\"column\">\n\t\t\t<div class=\"elementor-widget-wrap elementor-element-populated\">\n\t\t\t\t\t\t<div class=\"elementor-element elementor-element-7dc5a16 elementor-widget elementor-widget-heading\" data-id=\"7dc5a16\" data-element_type=\"widget\" data-widget_type=\"heading.default\">\n\t\t\t\t<div class=\"elementor-widget-container\">\n\t\t\t\t\t<h4 class=\"elementor-heading-title elementor-size-default\">PASTOR AUXILIAR<\/h4>\t\t\t\t<\/div>\n\t\t\t\t<\/div>\n\t\t\t\t<div class=\"elementor-element elementor-element-6726875 elementor-widget elementor-widget-heading\" data-id=\"6726875\" data-element_type=\"widget\" data-widget_type=\"heading.default\">\n\t\t\t\t<div class=\"elementor-widget-container\">\n\t\t\t\t\t<h3 class=\"elementor-heading-title elementor-size-default\">SILAS BARBOSA DIAS<\/h3>\t\t\t\t<\/div>\n\t\t\t\t<\/div>\n\t\t\t\t<div class=\"elementor-element elementor-element-73220ad elementor-widget elementor-widget-text-editor\" data-id=\"73220ad\" data-element_type=\"widget\" data-widget_type=\"text-editor.default\">\n\t\t\t\t<div class=\"elementor-widget-container\">\n\t\t\t\t\t\t\t\t\t<p>Silas Barbosa Dias \u00e9 pastor h\u00e1 45 anos. Doutor pela Universidade Livre de Amsterdam, mestre pela Universidade de Genebra, graduado em Filosofia e Teologia. Docente na UniFil desde 2001, coordenador da P\u00f3s-Gradua\u00e7\u00e3o em RH \u2013 Gest\u00e3o de Pessoas e Compet\u00eancias (UniFil), coordenador do MBA em Teoterapia e Compet\u00eancia Emocional. Preside a ABRATHEO (Associa\u00e7\u00e3o brasileira de teopsicoterapia), \u00e9 autor de v\u00e1rios livros, entre eles: 4 Passos para mudan\u00e7a interior; No jardim do pensador e Mentoria aos meus Alunos. \u00c9 casado com Jane e tem dois filhos: Helen e Kleber<\/p>\t\t\t\t\t\t\t\t<\/div>\n\t\t\t\t<\/div>\n\t\t\t\t\t<\/div>\n\t\t<\/div>\n\t\t\t\t\t<\/div>\n\t\t<\/section>\n\t\t\t\t\t<\/div>\n\t\t<\/div>\n\t\t\t\t\t<\/div>\n\t\t<\/section>\n\t\t\t\t<section class=\"elementor-section elementor-top-section elementor-element elementor-element-c7be4d6 elementor-section-boxed elementor-section-height-default elementor-section-height-default wpr-particle-no wpr-jarallax-no wpr-parallax-no wpr-sticky-section-no\" data-id=\"c7be4d6\" data-element_type=\"section\">\n\t\t\t\t\t\t<div class=\"elementor-container elementor-column-gap-default\">\n\t\t\t\t\t<div class=\"elementor-column elementor-col-33 elementor-top-column elementor-element elementor-element-7a66490\" data-id=\"7a66490\" data-element_type=\"column\">\n\t\t\t<div class=\"elementor-widget-wrap\">\n\t\t\t\t\t\t\t<\/div>\n\t\t<\/div>\n\t\t\t\t<div class=\"elementor-column elementor-col-66 elementor-top-column elementor-element elementor-element-a2b0983\" data-id=\"a2b0983\" data-element_type=\"column\">\n\t\t\t<div class=\"elementor-widget-wrap elementor-element-populated\">\n\t\t\t\t\t\t<section class=\"elementor-section elementor-inner-section elementor-element elementor-element-bb7e48c hover-ty elementor-section-boxed elementor-section-height-default elementor-section-height-default wpr-particle-no wpr-jarallax-no wpr-parallax-no wpr-sticky-section-no\" data-id=\"bb7e48c\" data-element_type=\"section\">\n\t\t\t\t\t\t<div class=\"elementor-container elementor-column-gap-default\">\n\t\t\t\t\t<div class=\"elementor-column elementor-col-33 elementor-inner-column elementor-element elementor-element-05086e3 elementor-invisible\" data-id=\"05086e3\" data-element_type=\"column\" data-settings=\"{&quot;animation&quot;:&quot;fadeInRight&quot;,&quot;animation_delay&quot;:200}\">\n\t\t\t<div class=\"elementor-widget-wrap\">\n\t\t\t\t\t\t\t<\/div>\n\t\t<\/div>\n\t\t\t\t<div class=\"elementor-column elementor-col-66 elementor-inner-column elementor-element elementor-element-ecae823\" data-id=\"ecae823\" data-element_type=\"column\">\n\t\t\t<div class=\"elementor-widget-wrap elementor-element-populated\">\n\t\t\t\t\t\t<div class=\"elementor-element elementor-element-8cc5bb2 elementor-widget elementor-widget-heading\" data-id=\"8cc5bb2\" data-element_type=\"widget\" data-widget_type=\"heading.default\">\n\t\t\t\t<div class=\"elementor-widget-container\">\n\t\t\t\t\t<h4 class=\"elementor-heading-title elementor-size-default\">PASTOR AUXILIAR<\/h4>\t\t\t\t<\/div>\n\t\t\t\t<\/div>\n\t\t\t\t<div class=\"elementor-element elementor-element-166b9ee elementor-widget elementor-widget-heading\" data-id=\"166b9ee\" data-element_type=\"widget\" data-widget_type=\"heading.default\">\n\t\t\t\t<div class=\"elementor-widget-container\">\n\t\t\t\t\t<h3 class=\"elementor-heading-title elementor-size-default\">RAPHAEL FARIAS<\/h3>\t\t\t\t<\/div>\n\t\t\t\t<\/div>\n\t\t\t\t<div class=\"elementor-element elementor-element-f175ded elementor-widget elementor-widget-text-editor\" data-id=\"f175ded\" data-element_type=\"widget\" data-widget_type=\"text-editor.default\">\n\t\t\t\t<div class=\"elementor-widget-container\">\n\t\t\t\t\t\t\t\t\t<p>Raphael Farias, natural do Rio de Janeiro e paranaense de cora\u00e7\u00e3o h\u00e1 9 anos. Bacharel em Teologia pela FATIPI, graduado em Publicidade e Propaganda e p\u00f3s-graduado em Marketing, possui vasta experi\u00eancia em comunica\u00e7\u00e3o e lideran\u00e7a de gera\u00e7\u00f5es desde a adolesc\u00eancia.<\/p><p>Ao longo de sua trajet\u00f3ria, implantou minist\u00e9rios como Maranata Teen (RJ) e rEVOLution (Maring\u00e1\/PR), al\u00e9m de atuar por quase 7 anos na lideran\u00e7a do TeenStreetBrasil. Tamb\u00e9m contribuiu com movimentos e minist\u00e9rios como Vocare, Jovens da Verdade (JV) e Ultimato. Com paix\u00e3o pelo ensino, discipulado e forma\u00e7\u00e3o de l\u00edderes, tem se dedicado \u00e0 revitaliza\u00e7\u00e3o e implanta\u00e7\u00e3o de projetos para pr\u00e9-adolescentes, adolescentes e jovens, alinhando sua forma\u00e7\u00e3o em comunica\u00e7\u00e3o e marketing ao pastoreio. Sua abordagem criativa visa engajar igrejas e l\u00edderes, unindo inova\u00e7\u00e3o e fidelidade aos valores crist\u00e3os em contextos urbanos e missionais.\u00a0<span style=\"color: var( --e-global-color-text ); font-family: var( --e-global-typography-text-font-family ), Sans-serif; font-size: 1rem; background-color: var(--ast-global-color-5);\">\u00c9 casado com Thaina e pai de Ben\u00edcio, Lucca e Al\u00edcia.<\/span><\/p>\t\t\t\t\t\t\t\t<\/div>\n\t\t\t\t<\/div>\n\t\t\t\t\t<\/div>\n\t\t<\/div>\n\t\t\t\t\t<\/div>\n\t\t<\/section>\n\t\t\t\t\t<\/div>\n\t\t<\/div>\n\t\t\t\t\t<\/div>\n\t\t<\/section>\n\t\t\t\t<section class=\"elementor-section elementor-top-section elementor-element elementor-element-ed97807 elementor-section-boxed elementor-section-height-default elementor-section-height-default wpr-particle-no wpr-jarallax-no wpr-parallax-no wpr-sticky-section-no\" data-id=\"ed97807\" data-element_type=\"section\">\n\t\t\t\t\t\t<div class=\"elementor-container elementor-column-gap-default\">\n\t\t\t\t\t<div class=\"elementor-column elementor-col-33 elementor-top-column elementor-element elementor-element-47b958e\" data-id=\"47b958e\" data-element_type=\"column\">\n\t\t\t<div class=\"elementor-widget-wrap\">\n\t\t\t\t\t\t\t<\/div>\n\t\t<\/div>\n\t\t\t\t<div class=\"elementor-column elementor-col-66 elementor-top-column elementor-element elementor-element-e193ca9\" data-id=\"e193ca9\" data-element_type=\"column\">\n\t\t\t<div class=\"elementor-widget-wrap\">\n\t\t\t\t\t\t\t<\/div>\n\t\t<\/div>\n\t\t\t\t\t<\/div>\n\t\t<\/section>\n\t\t\t\t<\/div>\n\t\t","protected":false},"excerpt":{"rendered":"<p>CORPOPASTORAL PASTOR TITULAR RICARDO BRUDER Ricardo Bomfim Bruder \u00e9 bacharel em Teologia pelo Semin\u00e1rio Teol\u00f3gico Rev. Ant\u00f4nio de Godoy Sobrinho, Londrina, PR. Graduado em Teologia pela Unicesumar, Maring\u00e1, PR. Atua na \u00e1rea pastoral h\u00e1 22 anos, com \u00eanfase na Prega\u00e7\u00e3o, ensino, atendimento familiar e no treinamento e capacita\u00e7\u00e3o de lideres para grupos de evangelismo, discipulado, c\u00e9lulas, \u00a0implanta\u00e7\u00e3o e revitaliza\u00e7\u00e3o de igrejas. Habilitado em Gest\u00e3o Educacional. Graduado em lideran\u00e7a Avan\u00e7ada pelo Instituto Haggai com aperfei\u00e7oamento no ensino andrag\u00f3gico. Atuou como Diretor de treinamentos em cursos de lideran\u00e7a . M\u00fasico e compositor, com dois CD\u2019s gravados. Casado com a educadora Am\u00e1bile t\u00eam tr\u00eas filhos: Mateus, Arthur e Vit\u00f3ria. PASTOR AUXILIAR SILAS BARBOSA DIAS Silas Barbosa Dias \u00e9 pastor h\u00e1 45 anos. Doutor pela Universidade Livre de Amsterdam, mestre pela Universidade de Genebra, graduado em Filosofia e Teologia. Docente na UniFil desde 2001, coordenador da P\u00f3s-Gradua\u00e7\u00e3o em RH \u2013 Gest\u00e3o de Pessoas e Compet\u00eancias (UniFil), coordenador do MBA em Teoterapia e Compet\u00eancia Emocional. Preside a ABRATHEO (Associa\u00e7\u00e3o brasileira de teopsicoterapia), \u00e9 autor de v\u00e1rios livros, entre eles: 4 Passos para mudan\u00e7a interior; No jardim do pensador e Mentoria aos meus Alunos. \u00c9 casado com Jane e tem dois filhos: Helen e Kleber PASTOR AUXILIAR RAPHAEL FARIAS Raphael Farias, natural do Rio de Janeiro e paranaense de cora\u00e7\u00e3o h\u00e1 9 anos. Bacharel em Teologia pela FATIPI, graduado em Publicidade e Propaganda e p\u00f3s-graduado em Marketing, possui vasta experi\u00eancia em comunica\u00e7\u00e3o e lideran\u00e7a de gera\u00e7\u00f5es desde a adolesc\u00eancia. Ao longo de sua trajet\u00f3ria, implantou minist\u00e9rios como Maranata Teen (RJ) e rEVOLution (Maring\u00e1\/PR), al\u00e9m de atuar por quase 7 anos na lideran\u00e7a do TeenStreetBrasil. Tamb\u00e9m contribuiu com movimentos e minist\u00e9rios como Vocare, Jovens da Verdade (JV) e Ultimato. Com paix\u00e3o pelo ensino, discipulado e forma\u00e7\u00e3o de l\u00edderes, tem se dedicado \u00e0 revitaliza\u00e7\u00e3o e implanta\u00e7\u00e3o de projetos para pr\u00e9-adolescentes, adolescentes e jovens, alinhando sua forma\u00e7\u00e3o em comunica\u00e7\u00e3o e marketing ao pastoreio. Sua abordagem criativa visa engajar igrejas e l\u00edderes, unindo inova\u00e7\u00e3o e fidelidade aos valores crist\u00e3os em contextos urbanos e missionais.\u00a0\u00c9 casado com Thaina e pai de Ben\u00edcio, Lucca e Al\u00edcia.<\/p>\n","protected":false},"author":1,"featured_media":0,"parent":0,"menu_order":0,"comment_status":"closed","ping_status":"closed","template":"","meta":{"site-sidebar-layout":"no-sidebar","site-content-layout":"page-builder","ast-global-header-display":"","ast-main-header-display":"","ast-hfb-above-header-display":"","ast-hfb-below-header-display":"","ast-hfb-mobile-header-display":"","site-post-title":"disabled","ast-breadcrumbs-content":"","ast-featured-img":"disabled","footer-sml-layout":"","theme-transparent-header-meta":"","adv-header-id-meta":"","stick-header-meta":"","header-above-stick-meta":"","header-main-stick-meta":"","header-below-stick-meta":"","footnotes":""},"class_list":["post-905","page","type-page","status-publish","hentry"],"_links":{"self":[{"href":"https:\/\/ipifiladelfia.com.br\/site\/wp-json\/wp\/v2\/pages\/905","targetHints":{"allow":["GET"]}}],"collection":[{"href":"https:\/\/ipifiladelfia.com.br\/site\/wp-json\/wp\/v2\/pages"}],"about":[{"href":"https:\/\/ipifiladelfia.com.br\/site\/wp-json\/wp\/v2\/types\/page"}],"author":[{"embeddable":true,"href":"https:\/\/ipifiladelfia.com.br\/site\/wp-json\/wp\/v2\/users\/1"}],"replies":[{"embeddable":true,"href":"https:\/\/ipifiladelfia.com.br\/site\/wp-json\/wp\/v2\/comments?post=905"}],"version-history":[{"count":61,"href":"https:\/\/ipifiladelfia.com.br\/site\/wp-json\/wp\/v2\/pages\/905\/revisions"}],"predecessor-version":[{"id":1848,"href":"https:\/\/ipifiladelfia.com.br\/site\/wp-json\/wp\/v2\/pages\/905\/revisions\/1848"}],"wp:attachment":[{"href":"https:\/\/ipifiladelfia.com.br\/site\/wp-json\/wp\/v2\/media?parent=905"}],"curies":[{"name":"wp","href":"https:\/\/api.w.org\/{rel}","templated":true}]}}